{"id":5737,"date":"2021-03-18T17:21:42","date_gmt":"2021-03-18T16:21:42","guid":{"rendered":"https:\/\/apps.lfb.es\/photos-de-classe\/?page_id=5737"},"modified":"2021-03-24T12:06:48","modified_gmt":"2021-03-24T11:06:48","slug":"politica-de-cookies","status":"publish","type":"page","link":"https:\/\/apps.lfb.es\/photos-de-classe\/politica-de-cookies\/","title":{"rendered":"Pol\u00edtica de cookies"},"content":{"rendered":"<p>[vc_row][vc_column][vc_empty_space][vc_column_text]<\/p>\n<h1>Pol\u00edtica de cookies<\/h1>\n<p>[\/vc_column_text][vc_empty_space][vc_column_text]<\/p>\n<p style=\"font-weight: 400;\"><b><strong>INFORMACI\u00d3N SOBRE\u00a0<\/strong><\/b><em><b><strong>COOKIES<\/strong><\/b><\/em><\/p>\n<p style=\"font-weight: 400;\">Debido a la entrada en vigor de la referente modificaci\u00f3n de la \u201cLey de Servicios de la Sociedad de la Informaci\u00f3n\u201d (LSSICE) establecida por el Real Decreto 13\/2012, es de obligaci\u00f3n obtener el consentimiento expreso del usuario de todas las p\u00e1ginas web que usan\u00a0<em>cookies\u00a0<\/em>prescindibles,<em>\u00a0<\/em>antes de que \u00e9ste navegue por ellas.<\/p>\n<p>&nbsp;<\/p>\n<p>&nbsp;<\/p>\n<p style=\"font-weight: 400;\"><b><strong>\u00bfQU\u00c9 SON LAS\u00a0<\/strong><\/b><em><b><strong>COOKIES<\/strong><\/b><\/em><b><strong>?<\/strong><\/b><\/p>\n<p style=\"font-weight: 400;\">Las\u00a0<em>cookies\u00a0<\/em>y otras tecnolog\u00edas similares tales como local shared objects, flash\u00a0<em>cookies\u00a0<\/em>o p\u00edxeles, son herramientas empleadas por los servidores Web para almacenar y recuperar informaci\u00f3n acerca de sus visitantes, as\u00ed como para ofrecer un correcto funcionamiento del sitio.<\/p>\n<p style=\"font-weight: 400;\">Mediante el uso de estos dispositivos se permite al servidor Web recordar algunos datos concernientes al usuario, como sus preferencias para la visualizaci\u00f3n de las p\u00e1ginas de ese servidor, nombre y contrase\u00f1a, productos que m\u00e1s le interesan, etc.<\/p>\n<p>&nbsp;<\/p>\n<p>&nbsp;<\/p>\n<p style=\"font-weight: 400;\"><b><strong><em>COOKIES\u00a0<\/em><\/strong><\/b><b><strong>AFECTADAS POR LA NORMATIVA Y\u00a0<\/strong><\/b><em><b><strong>COOKIES\u00a0<\/strong><\/b><\/em><b><strong>EXCEPTUADAS<\/strong><\/b><\/p>\n<p style=\"font-weight: 400;\">Seg\u00fan la directiva de la UE, las\u00a0<em>cookies\u00a0<\/em>que requieren el consentimiento informado por parte del usuario son las\u00a0<em>cookies\u00a0<\/em>de anal\u00edtica y las de publicidad y afiliaci\u00f3n, quedando exceptuadas las de car\u00e1cter t\u00e9cnico y las necesarias para el funcionamiento del sitio web o la prestaci\u00f3n de servicios expresamente solicitados por el usuario.<\/p>\n<p>&nbsp;<\/p>\n<p>&nbsp;<\/p>\n<p style=\"font-weight: 400;\"><b><strong>\u00bfQU\u00c9 TIPOS DE\u00a0<\/strong><\/b><em><b><strong>COOKIES\u00a0<\/strong><\/b><\/em><b><strong>EXISTEN?<\/strong><\/b><\/p>\n<p style=\"font-weight: 400;\">Sobre los tipos de cookies, existen cinco grandes grupos:<\/p>\n<ul style=\"font-weight: 400;\">\n<li><em>Cookies\u00a0<\/em>anal\u00edticas: recogen informaci\u00f3n del uso que se realiza del sitio web.<\/li>\n<\/ul>\n<ul style=\"font-weight: 400;\">\n<li><em>Cookies\u00a0<\/em>sociales: son aquellas necesarias para redes sociales externas.<\/li>\n<\/ul>\n<ul style=\"font-weight: 400;\">\n<li>\u00a0<em>Cookies\u00a0<\/em>de afiliados: permiten hacer un seguimiento de las visitas procedentes de otras webs, con las que el sitio web establece un contrato de afiliaci\u00f3n (empresas de afiliaci\u00f3n).<\/li>\n<\/ul>\n<ul style=\"font-weight: 400;\">\n<li><em>Cookies\u00a0<\/em>de publicidad y comportamentales: recogen informaci\u00f3n sobre las preferencias y elecciones personales del usuario (<em>retargeting<\/em>).<\/li>\n<\/ul>\n<ul style=\"font-weight: 400;\">\n<li><em>Cookies\u00a0<\/em>t\u00e9cnicas y funcionales: son las estrictamente necesarias para el uso del sitio web y para la prestaci\u00f3n del servicio contratado.<\/li>\n<\/ul>\n<p>&nbsp;<\/p>\n<p style=\"font-weight: 400;\"><em><b><strong>COOKIES\u00a0<\/strong><\/b><\/em><b><strong>QUE SE UTILIZAN EN ESTE SITIO WEB<\/strong><\/b><\/p>\n<p style=\"font-weight: 400;\"><b><strong><em>Listar los nombres de las cookies, tipo, propietario, funci\u00f3n y vencimiento, por ejemplo:<\/em><\/strong><\/b><\/p>\n<ul style=\"font-weight: 400;\">\n<li><b><strong>PHPSESSID<\/strong><\/b>:\u00a0<em>cookie\u00a0<\/em>t\u00e9cnica y estrictamente necesaria que contiene el identificador de la sesi\u00f3n. Se elimina al cerrar el navegador.<\/li>\n<li><b><strong>_lang<\/strong><\/b>:\u00a0<em>cookie\u00a0<\/em>t\u00e9cnica y estrictamente necesaria\u00a0que contiene el idioma de la sesi\u00f3n. Se elimina al cerrar el navegador.<\/li>\n<li><b><strong>ac_cookies<\/strong><\/b>:\u00a0<em>cookie\u00a0<\/em>t\u00e9cnica y estrictamente necesaria que contiene el valor de si se ha aceptado la instalaci\u00f3n de cookies. Caduca en 1 a\u00f1o desde la \u00faltima actualizaci\u00f3n.<\/li>\n<\/ul>\n<p style=\"font-weight: 400;\"><b><strong>\u00a0<\/strong><\/b><\/p>\n<p>&nbsp;<\/p>\n<p style=\"font-weight: 400;\"><b><strong>REVOCACI\u00d3N DEL CONSENTIMIENTO PARA INSTALAR COOKIES<\/strong><\/b><\/p>\n<p><b><strong>COMO ELIMINAR LAS COOKIES DEL NAVEGADOR<\/strong><\/b><\/p>\n<p>&nbsp;<\/p>\n<p><b><strong>Chrome<\/strong><\/b><\/p>\n<p>1. Selecciona el icono de Herramientas<br \/>\n2. Haz clic en Configuraci\u00f3n.<br \/>\n3. Haz clic en Mostrar Opciones Avanzadas.<br \/>\n4. En la secci\u00f3n \u00ab\u00a0Privacidad\u00a0\u00bb haz clic en Configuraci\u00f3n de contenido.<br \/>\n\u2022 Eliminar cookies: Haz clic en Todas las cookies y los datos de sitios\u2026<br \/>\n\u2022 No permitir que se almacenen cookies.<br \/>\n5. Haz clic en Eliminar datos de navegaci\u00f3n (vaciar la Cach\u00e9).<br \/>\n6. Cierra y reinicia el navegador.<\/p>\n<p>Para m\u00e1s informaci\u00f3n sobre Chrome pulse aqu\u00ed:\u00a0<a href=\"http:\/\/support.google.com\/chrome\/answer\/95647?hl=es\">http:\/\/support.google.com\/chrome\/answer\/95647?hl=es<\/a><\/p>\n<p>&nbsp;<\/p>\n<p><b><strong>Internet Explorer.\u00a0Versi\u00f3n 11<\/strong><\/b><\/p>\n<p>1. Selecciona Herramientas | Opciones de Internet.<br \/>\n2. Haz clic en la ficha General.<br \/>\n3. En la secci\u00f3n \u00ab\u00a0Historial de exploraci\u00f3n\u00a0\u00bb, haz clic en Eliminar el historial de exploraci\u00f3n al salir.<br \/>\n4. Seleccionar Eliminar archivos.<br \/>\n5. Seleccionar Eliminar cookies.<br \/>\n6. Haz clic en Eliminar.<br \/>\n7. Haz clic en Aceptar.<br \/>\n8. Cierra y reinicia el navegador.<\/p>\n<p>Para m\u00e1s informaci\u00f3n sobre Internet Explorer pulse aqu\u00ed:\u00a0<a href=\"http:\/\/windows.microsoft.com\/es-419\/windows7\/how-to-manage-cookies-in-internet-explorer-9\">http:\/\/windows.microsoft.com\/es-419\/windows7\/how-to-manage-cookies-in-internet-explorer-9<\/a><\/p>\n<p>&nbsp;<\/p>\n<p><b><strong>Firefox. Versi\u00f3n 18<\/strong><\/b><\/p>\n<p>1. Selecciona Firefox | Historial | Limpiar el historial reciente.<br \/>\n2. Al lado de \u00ab\u00a0Detalles\u00a0\u00bb, haz clic en la flecha hacia abajo.<br \/>\n3. Selecciona las siguientes casillas de verificaci\u00f3n:\u00a0Cookies,\u00a0Cach\u00e9,\u00a0Inicios de sesi\u00f3n activos<br \/>\n4. Usando el \u00ab\u00a0Intervalo de tiempo para borrar\u00a0\u00bb en el men\u00fa desplegable, selecciona Todo.<br \/>\n5. Haz clic en Borrar ahora.<br \/>\n6. Cierra y reinicia el navegador.<\/p>\n<p>Puede aceptar o rechazar las cookies individualmente en las Preferencias de Firefox, en la secci\u00f3n Historial disponible en Herramientas &gt; Opciones &gt; Privacidad.<\/p>\n<p>Para m\u00e1s informaci\u00f3n sobre Mozilla Firefox pulse aqu\u00ed:\u00a0<a href=\"https:\/\/www.mozilla.org\/es-ES\/privacy\/websites\/#cookies\">https:\/\/www.mozilla.org\/es-ES\/privacy\/websites\/#cookies<\/a><\/p>\n<p>&nbsp;<\/p>\n<p><b><strong>Safari Versi\u00f3n 5.1<\/strong><\/b><\/p>\n<p>1. Selecciona el icono de Safari \/ Editar | Restaurar Safari.<br \/>\n2. Selecciona las siguientes casillas de verificaci\u00f3n:\u00a0Borrar el historial,\u00a0Eliminar todos los datos de sitio web<br \/>\n3. Haz clic en Restablecer.<br \/>\n4. Cierra y reinicia el navegador.<\/p>\n<p>Para m\u00e1s informaci\u00f3n sobre Safari pulse aqu\u00ed:\u00a0<a href=\"http:\/\/support.apple.com\/kb\/PH5042\">http:\/\/support.apple.com\/kb\/PH5042<\/a><\/p>\n<p>&nbsp;<\/p>\n<p><b><strong>Opera<\/strong><\/b><\/p>\n<p>Opciones &#8211; Avanzado &#8211; Cookies.<br \/>\nLas opciones de cookies controlan el modo en que Opera los maneja y por lo tanto su aceptaci\u00f3n o rechazo.<\/p>\n<p>Para m\u00e1s informaci\u00f3n sobre \u00d3pera pulse aqu\u00ed:\u00a0<a href=\"http:\/\/help.opera.com\/Linux\/10.60\/es-ES\/cookies.html\">http:\/\/help.opera.com\/Linux\/10.60\/es-ES\/cookies.html<\/a><\/p>\n<p>&nbsp;<\/p>\n<p><b><strong>Otros navegadores<\/strong><\/b><\/p>\n<p>Consulte la documentaci\u00f3n del navegador que tenga instalado.[\/vc_column_text][\/vc_column][\/vc_row]<\/p>\n","protected":false},"excerpt":{"rendered":"<p>[vc_row][vc_column][vc_empty_space][vc_column_text] Pol\u00edtica de cookies [\/vc_column_text][vc_empty_space][vc_column_text] INFORMACI\u00d3N SOBRE\u00a0COOKIES Debido a la entrada en vigor de la referente modificaci\u00f3n de la \u201cLey de Servicios de la Sociedad de la Informaci\u00f3n\u201d (LSSICE) establecida por el Real Decreto 13\/2012, es de obligaci\u00f3n obtener el consentimiento expreso del usuario de todas las p\u00e1ginas web que usan\u00a0cookies\u00a0prescindibles,\u00a0antes de que \u00e9ste navegue por ellas. &nbsp; &nbsp; \u00bfQU\u00c9 SON LAS\u00a0COOKIES? Las\u00a0cookies\u00a0y otras tecnolog\u00edas similares tales como local shared objects, flash\u00a0cookies\u00a0o p\u00edxeles, son herramientas&hellip;<\/p>\n","protected":false},"author":7,"featured_media":0,"parent":0,"menu_order":0,"comment_status":"closed","ping_status":"closed","template":"","meta":[],"acf":[],"_links":{"self":[{"href":"https:\/\/apps.lfb.es\/photos-de-classe\/wp-json\/wp\/v2\/pages\/5737"}],"collection":[{"href":"https:\/\/apps.lfb.es\/photos-de-classe\/wp-json\/wp\/v2\/pages"}],"about":[{"href":"https:\/\/apps.lfb.es\/photos-de-classe\/wp-json\/wp\/v2\/types\/page"}],"author":[{"embeddable":true,"href":"https:\/\/apps.lfb.es\/photos-de-classe\/wp-json\/wp\/v2\/users\/7"}],"replies":[{"embeddable":true,"href":"https:\/\/apps.lfb.es\/photos-de-classe\/wp-json\/wp\/v2\/comments?post=5737"}],"version-history":[{"count":5,"href":"https:\/\/apps.lfb.es\/photos-de-classe\/wp-json\/wp\/v2\/pages\/5737\/revisions"}],"predecessor-version":[{"id":5764,"href":"https:\/\/apps.lfb.es\/photos-de-classe\/wp-json\/wp\/v2\/pages\/5737\/revisions\/5764"}],"wp:attachment":[{"href":"https:\/\/apps.lfb.es\/photos-de-classe\/wp-json\/wp\/v2\/media?parent=5737"}],"curies":[{"name":"wp","href":"https:\/\/api.w.org\/{rel}","templated":true}]}}