{"id":5733,"date":"2021-03-18T17:21:07","date_gmt":"2021-03-18T16:21:07","guid":{"rendered":"https:\/\/apps.lfb.es\/photos-de-classe\/?page_id=5733"},"modified":"2021-03-24T11:56:12","modified_gmt":"2021-03-24T10:56:12","slug":"envio-y-metodos-de-pago","status":"publish","type":"page","link":"https:\/\/apps.lfb.es\/photos-de-classe\/envio-y-metodos-de-pago\/","title":{"rendered":"Env\u00edo y M\u00e9todos de pago"},"content":{"rendered":"<p>[vc_row][vc_column][vc_empty_space][vc_column_text]<\/p>\n<h1>Env\u00edo y M\u00e9todos de pago<\/h1>\n<p>[\/vc_column_text][vc_empty_space][vc_column_text]<\/p>\n<p style=\"font-weight: 400;\">Detalles sobre c\u00f3mo comprar en <strong>Photos de classe du LFB<\/strong>, sus m\u00e9todos de pago e informaci\u00f3n que puede ser de tu inter\u00e9s.<\/p>\n<p>&nbsp;<\/p>\n<p style=\"font-weight: 400;\"><b><strong>\u00bfHay una compra m\u00ednima?<\/strong><\/b><\/p>\n<p style=\"font-weight: 400;\">No hay compra m\u00ednima.<\/p>\n<p>&nbsp;<\/p>\n<p style=\"font-weight: 400;\"><b><strong>\u00bfQu\u00e9 m\u00e9todos de pago existen?<\/strong><\/b><\/p>\n<p style=\"font-weight: 400;\">Te ofrecemos los siguientes m\u00e9todos de pago:<\/p>\n<ul style=\"font-weight: 400;\">\n<li><b><strong>Tarjeta de d\u00e9bito\/cr\u00e9dito<\/strong><\/b>: Aceptamos Visa, Mastercard, Visa Electr\u00f3n y Maestro para tus pagos con tarjeta, todo gestionado a trav\u00e9s de la plataforma de pago seguro integrada con el TPV Virtual de Redsys.<\/li>\n<li><b><strong>Paypal<\/strong><\/b>: Puedes realizar tu pago con una cuenta Paypal de forma segura y r\u00e1pida.<\/li>\n<\/ul>\n<p style=\"font-weight: 400;\">Tanto el pago con tarjeta o Paypal son totalmente seguros. Las plataformas asociadas a estos m\u00e9todos de pago est\u00e1n protegidas y encriptados para que la informaci\u00f3n personal no sea vista por nadie m\u00e1s que t\u00fa.<\/p>\n<p>&nbsp;<\/p>\n<p style=\"font-weight: 400;\">\u00a0<b><strong>Entrega<\/strong><\/b><\/p>\n<p style=\"font-weight: 400;\">Las fotos las entregar\u00e1 el profesor principal de su hijo en clase.<\/p>\n<p>&nbsp;<\/p>\n<p style=\"font-weight: 400;\"><b><strong>Devoluciones<\/strong><\/b><\/p>\n<p style=\"font-weight: 400;\">El cliente tendr\u00e1 derecho a la revocaci\u00f3n del pedido solicitado seg\u00fan la Ley en un plazo de\u00a0<b><strong>siete d\u00edas<\/strong><\/b> desde la recepci\u00f3n del mismo, previa comunicaci\u00f3n al despacho de la comunicaci\u00f3n del LFB.\u00a0 La devoluci\u00f3n del importe se realizar\u00e1 a un n\u00famero de cuenta bancaria de la persona que realiz\u00f3 el pedido en un plazo m\u00e1ximo de 10 d\u00edas desde la recepci\u00f3n de la demanda.<\/p>\n<p>[\/vc_column_text][\/vc_column][\/vc_row]<\/p>\n","protected":false},"excerpt":{"rendered":"<p>[vc_row][vc_column][vc_empty_space][vc_column_text] Env\u00edo y M\u00e9todos de pago [\/vc_column_text][vc_empty_space][vc_column_text] Detalles sobre c\u00f3mo comprar en Photos de classe du LFB, sus m\u00e9todos de pago e informaci\u00f3n que puede ser de tu inter\u00e9s. &nbsp; \u00bfHay una compra m\u00ednima? No hay compra m\u00ednima. &nbsp; \u00bfQu\u00e9 m\u00e9todos de pago existen? Te ofrecemos los siguientes m\u00e9todos de pago: Tarjeta de d\u00e9bito\/cr\u00e9dito: Aceptamos Visa, Mastercard, Visa Electr\u00f3n y Maestro para tus pagos con tarjeta, todo gestionado a trav\u00e9s de la plataforma de pago&hellip;<\/p>\n","protected":false},"author":7,"featured_media":0,"parent":0,"menu_order":0,"comment_status":"closed","ping_status":"closed","template":"","meta":[],"acf":[],"_links":{"self":[{"href":"https:\/\/apps.lfb.es\/photos-de-classe\/wp-json\/wp\/v2\/pages\/5733"}],"collection":[{"href":"https:\/\/apps.lfb.es\/photos-de-classe\/wp-json\/wp\/v2\/pages"}],"about":[{"href":"https:\/\/apps.lfb.es\/photos-de-classe\/wp-json\/wp\/v2\/types\/page"}],"author":[{"embeddable":true,"href":"https:\/\/apps.lfb.es\/photos-de-classe\/wp-json\/wp\/v2\/users\/7"}],"replies":[{"embeddable":true,"href":"https:\/\/apps.lfb.es\/photos-de-classe\/wp-json\/wp\/v2\/comments?post=5733"}],"version-history":[{"count":7,"href":"https:\/\/apps.lfb.es\/photos-de-classe\/wp-json\/wp\/v2\/pages\/5733\/revisions"}],"predecessor-version":[{"id":5757,"href":"https:\/\/apps.lfb.es\/photos-de-classe\/wp-json\/wp\/v2\/pages\/5733\/revisions\/5757"}],"wp:attachment":[{"href":"https:\/\/apps.lfb.es\/photos-de-classe\/wp-json\/wp\/v2\/media?parent=5733"}],"curies":[{"name":"wp","href":"https:\/\/api.w.org\/{rel}","templated":true}]}}