{"id":189,"date":"2018-04-12T13:37:06","date_gmt":"2018-04-12T11:37:06","guid":{"rendered":"https:\/\/lfb.es\/photos-2018\/?page_id=189"},"modified":"2026-02-23T16:19:16","modified_gmt":"2026-02-23T15:19:16","slug":"les-photos-du-site-de-pedralbes-ne-sont-plus-en-ligne","status":"publish","type":"page","link":"https:\/\/apps.lfb.es\/photos-de-classe\/","title":{"rendered":"Les photos de classe ne sont plus en ligne"},"content":{"rendered":"<p>[vc_row][vc_column][vc_column_text]<\/p>\n<div class=\"flex flex-col text-sm pb-25\">\n<article class=\"text-token-text-primary w-full focus:outline-none [--shadow-height:45px] has-data-writing-block:pointer-events-none has-data-writing-block:-mt-(--shadow-height) has-data-writing-block:pt-(--shadow-height) [&amp;:has([data-writing-block])&gt;*]:pointer-events-auto scroll-mt-[calc(var(--header-height)+min(200px,max(70px,20svh)))]\" dir=\"auto\" tabindex=\"-1\" data-turn-id=\"request-698ee98a-774c-832b-9210-6fe5a4ed4b0e-34\" data-testid=\"conversation-turn-108\" data-scroll-anchor=\"true\" data-turn=\"assistant\">\n<div class=\"text-base my-auto mx-auto pb-10 [--thread-content-margin:--spacing(4)] @w-sm\/main:[--thread-content-margin:--spacing(6)] @w-lg\/main:[--thread-content-margin:--spacing(16)] px-(--thread-content-margin)\">\n<div class=\"[--thread-content-max-width:40rem] @w-lg\/main:[--thread-content-max-width:48rem] mx-auto max-w-(--thread-content-max-width) flex-1 group\/turn-messages focus-visible:outline-hidden relative flex w-full min-w-0 flex-col agent-turn\" tabindex=\"-1\">\n<div class=\"flex max-w-full flex-col grow\">\n<div class=\"min-h-8 text-message relative flex w-full flex-col items-end gap-2 text-start break-words whitespace-normal [.text-message+&amp;]:mt-1\" dir=\"auto\" data-message-author-role=\"assistant\" data-message-id=\"829f2bd9-7f49-4581-8832-52d631ce335d\" data-message-model-slug=\"gpt-5-2\">\n<div class=\"flex w-full flex-col gap-1 empty:hidden first:pt-[1px]\">\n<div class=\"markdown prose dark:prose-invert w-full wrap-break-word light markdown-new-styling\">\n<p data-start=\"0\" data-end=\"75\" data-is-last-node=\"\" data-is-only-node=\"\">Les photos ont \u00e9t\u00e9 retir\u00e9es du site afin d\u2019\u00eatre en conformit\u00e9 avec la RGPD.<\/p>\n<\/div>\n<\/div>\n<\/div>\n<\/div>\n<div class=\"z-0 flex min-h-[46px] justify-start\"><\/div>\n<div class=\"mt-3 w-full empty:hidden\">\n<div class=\"text-center\"><\/div>\n<\/div>\n<\/div>\n<\/div>\n<\/article>\n<\/div>\n<div class=\"pointer-events-none h-px w-px absolute bottom-0\" aria-hidden=\"true\" data-edge=\"true\"><\/div>\n<p>[\/vc_column_text][\/vc_column][\/vc_row]<\/p>\n","protected":false},"excerpt":{"rendered":"<p>[vc_row][vc_column][vc_column_text] Les photos ont \u00e9t\u00e9 retir\u00e9es du site afin d\u2019\u00eatre en conformit\u00e9 avec la RGPD. [\/vc_column_text][\/vc_column][\/vc_row]<\/p>\n","protected":false},"author":4,"featured_media":0,"parent":0,"menu_order":0,"comment_status":"closed","ping_status":"closed","template":"","meta":[],"acf":[],"_links":{"self":[{"href":"https:\/\/apps.lfb.es\/photos-de-classe\/wp-json\/wp\/v2\/pages\/189"}],"collection":[{"href":"https:\/\/apps.lfb.es\/photos-de-classe\/wp-json\/wp\/v2\/pages"}],"about":[{"href":"https:\/\/apps.lfb.es\/photos-de-classe\/wp-json\/wp\/v2\/types\/page"}],"author":[{"embeddable":true,"href":"https:\/\/apps.lfb.es\/photos-de-classe\/wp-json\/wp\/v2\/users\/4"}],"replies":[{"embeddable":true,"href":"https:\/\/apps.lfb.es\/photos-de-classe\/wp-json\/wp\/v2\/comments?post=189"}],"version-history":[{"count":8,"href":"https:\/\/apps.lfb.es\/photos-de-classe\/wp-json\/wp\/v2\/pages\/189\/revisions"}],"predecessor-version":[{"id":17483,"href":"https:\/\/apps.lfb.es\/photos-de-classe\/wp-json\/wp\/v2\/pages\/189\/revisions\/17483"}],"wp:attachment":[{"href":"https:\/\/apps.lfb.es\/photos-de-classe\/wp-json\/wp\/v2\/media?parent=189"}],"curies":[{"name":"wp","href":"https:\/\/api.w.org\/{rel}","templated":true}]}}